{"id":920,"date":"2014-10-27T08:12:53","date_gmt":"2014-10-27T08:12:53","guid":{"rendered":"http:\/\/demo.touchsize.com\/videotouch\/?page_id=920"},"modified":"2025-04-20T11:21:52","modified_gmt":"2025-04-20T11:21:52","slug":"saetas-de-almeria","status":"publish","type":"page","link":"http:\/\/saetasdealmeria.portaldegrancanaria.com\/","title":{"rendered":"Saetas de Almer\u00eda"},"content":{"rendered":"<p>La inexistencia de un archivo video gr\u00e1fico en internet, que recogiera exhaustivamente el mundo art\u00edsitico y emocional de las Saetas y en en especial de las Saetas de Almer\u00eda, fue el motivo que empuj\u00f3 al autor a crear un espacio virtual donde se pudiera disfrutar, consultar y admirar las joyas del cante de saetas que todos los a\u00f1os por Semana Santa aparecen fugazmente en las calles y en los balcones de nuestras ciudades hasta que sus ecos se pierden entre la gente y el silencio de las procesiones.<\/p>\n<p>Las saetas son la expresi\u00f3n art\u00edsitica espont\u00e1nea de un sentimiento religioso hondamente arraigado en el alma de muchas personas en nuestra geograf\u00eda. En un instante, este estallido emocional que prende en un balc\u00f3n del recorrido de las pasos procesionales, o al paso de una cofrad\u00eda, electriza y empatiza a todos quienes lo escuchan. Es un canto pasional, \u00edntimo, una declaraci\u00f3n que alguien hace p\u00fablicamente y que todos escuchan desde su propio interior.<\/p>\n<p>Es un modalidad de arte que pocas veces se da en otras manifestaciones art\u00edsiticas. Quien canta y quienes escuchan, sintonizan su interior silenciosamente, con hondura.<\/p>\n<p>En Saetas de Almer\u00eda, desde el a\u00f1o 2009, se han ido registrando buena parte de las saetas que se han cantado\u00a0 a los diferentes pasos y cofrad\u00edas de Almer\u00eda.<\/p>\n<p>Los usuarios de este espacio web Saetas de Almer\u00eda, pueden disfrutar de este arte ef\u00edmero en cualquier \u00e9poca del a\u00f1o, en cualquier lugar, en todo momento. Pero tambi\u00e9n para ser consultado por estudiosos de esta materia.<\/p>\n<p>No deja de ser una peque\u00f1a disgresi\u00f3n tratar de dar m\u00e1s vida a una expresi\u00f3n de arte que nace un un instante y muere apenas dos o tres minutos despu\u00e9s. Pero el inter\u00e9s que tiene esta m\u00fasica \u00edntima y honda, ha llevado a Saetas de Almer\u00eda, a tratar de apurar su vida apenas un poco, aunque fuera en la virtualidad de las im\u00e1genes y los sonidos digitales.<\/p>\n<p>En Saetas de Almer\u00eda, esperamos ser perdonados por ello.<\/p>\n<p>&nbsp;<\/p>\n","protected":false},"excerpt":{"rendered":"<p>La inexistencia de un archivo video gr\u00e1fico en internet, que recogiera exhaustivamente el mundo art\u00edsitico y emocional de las Saetas y en en especial de las Saetas de Almer\u00eda, fue el motivo que empuj\u00f3 al autor a crear un espacio virtual donde se pudiera disfrutar, consultar y admirar las joyas del cante de saetas que [&hellip;]<\/p>\n","protected":false},"author":1,"featured_media":0,"parent":0,"menu_order":0,"comment_status":"open","ping_status":"open","template":"","meta":{"footnotes":""},"class_list":["post-920","page","type-page","status-publish","hentry"],"_links":{"self":[{"href":"http:\/\/saetasdealmeria.portaldegrancanaria.com\/index.php?rest_route=\/wp\/v2\/pages\/920","targetHints":{"allow":["GET"]}}],"collection":[{"href":"http:\/\/saetasdealmeria.portaldegrancanaria.com\/index.php?rest_route=\/wp\/v2\/pages"}],"about":[{"href":"http:\/\/saetasdealmeria.portaldegrancanaria.com\/index.php?rest_route=\/wp\/v2\/types\/page"}],"author":[{"embeddable":true,"href":"http:\/\/saetasdealmeria.portaldegrancanaria.com\/index.php?rest_route=\/wp\/v2\/users\/1"}],"replies":[{"embeddable":true,"href":"http:\/\/saetasdealmeria.portaldegrancanaria.com\/index.php?rest_route=%2Fwp%2Fv2%2Fcomments&post=920"}],"version-history":[{"count":3,"href":"http:\/\/saetasdealmeria.portaldegrancanaria.com\/index.php?rest_route=\/wp\/v2\/pages\/920\/revisions"}],"predecessor-version":[{"id":2468,"href":"http:\/\/saetasdealmeria.portaldegrancanaria.com\/index.php?rest_route=\/wp\/v2\/pages\/920\/revisions\/2468"}],"wp:attachment":[{"href":"http:\/\/saetasdealmeria.portaldegrancanaria.com\/index.php?rest_route=%2Fwp%2Fv2%2Fmedia&parent=920"}],"curies":[{"name":"wp","href":"https:\/\/api.w.org\/{rel}","templated":true}]}}